{"id":29,"date":"2023-03-10T10:50:03","date_gmt":"2023-03-10T09:50:03","guid":{"rendered":"https:\/\/casada.hornmedia.no\/?page_id=29"},"modified":"2025-03-13T17:40:21","modified_gmt":"2025-03-13T16:40:21","slug":"sikkerhet-og-personvern","status":"publish","type":"page","link":"https:\/\/casada.no\/en\/sikkerhet-og-personvern\/","title":{"rendered":"Sikkerhet og personvern"},"content":{"rendered":"<style>.elementor-29 .elementor-element.elementor-element-f56ec2f{--display:flex;--min-height:100px;--flex-direction:column;--container-widget-width:100%;--container-widget-height:initial;--container-widget-flex-grow:0;--container-widget-align-self:initial;--flex-wrap-mobile:wrap;--margin-top:-103px;--margin-bottom:0px;--margin-left:0px;--margin-right:0px;}.elementor-29 .elementor-element.elementor-element-f56ec2f:not(.elementor-motion-effects-element-type-background), .elementor-29 .elementor-element.elementor-element-f56ec2f > .elementor-motion-effects-container > .elementor-motion-effects-layer{background-color:#000000;}.elementor-29 .elementor-element.elementor-element-8cc8a60:not(.elementor-motion-effects-element-type-background), .elementor-29 .elementor-element.elementor-element-8cc8a60 > .elementor-motion-effects-container > .elementor-motion-effects-layer{background-color:#F9F9F9;}.elementor-29 .elementor-element.elementor-element-8cc8a60{transition:background 0.3s, border 0.3s, border-radius 0.3s, box-shadow 0.3s;margin-top:0px;margin-bottom:0px;padding:80px 30px 80px 30px;}.elementor-29 .elementor-element.elementor-element-8cc8a60 > .elementor-background-overlay{transition:background 0.3s, border-radius 0.3s, opacity 0.3s;}.elementor-29 .elementor-element.elementor-element-feb8aa5 > .elementor-widget-container{margin:0px 0px 30px 0px;}.elementor-29 .elementor-element.elementor-element-feb8aa5 .elementor-heading-title{font-size:30px;}.elementor-29 .elementor-element.elementor-element-49d571d{color:#000000;}@media(max-width:1279px){.elementor-29 .elementor-element.elementor-element-8cc8a60{margin-top:0px;margin-bottom:0px;}.elementor-29 .elementor-element.elementor-element-feb8aa5 .elementor-heading-title{font-size:30px;}}@media(max-width:991px){.elementor-29 .elementor-element.elementor-element-feb8aa5 .elementor-heading-title{font-size:25px;}}<\/style>\t\t<div data-elementor-type=\"wp-page\" data-elementor-id=\"29\" class=\"elementor elementor-29\" data-elementor-post-type=\"page\">\n\t\t\t\t<div class=\"has_eae_slider elementor-element elementor-element-f56ec2f e-flex e-con-boxed e-con e-parent\" data-eae-slider=\"94030\" data-id=\"f56ec2f\" data-element_type=\"container\" data-settings=\"{&quot;background_background&quot;:&quot;classic&quot;}\">\n\t\t\t\t\t<div class=\"e-con-inner\">\n\t\t\t\t\t<\/div>\n\t\t\t\t<\/div>\n\t\t\t\t<section class=\"has_eae_slider elementor-section elementor-top-section elementor-element elementor-element-8cc8a60 elementor-section-boxed elementor-section-height-default elementor-section-height-default\" data-eae-slider=\"85820\" data-id=\"8cc8a60\" data-element_type=\"section\" data-settings=\"{&quot;background_background&quot;:&quot;classic&quot;}\">\n\t\t\t\t\t\t<div class=\"elementor-container elementor-column-gap-default\">\n\t\t\t\t\t<div class=\"has_eae_slider elementor-column elementor-col-100 elementor-top-column elementor-element elementor-element-5eb11f1\" data-eae-slider=\"52506\" data-id=\"5eb11f1\" data-element_type=\"column\">\n\t\t\t<div class=\"elementor-widget-wrap elementor-element-populated\">\n\t\t\t\t\t\t<div class=\"elementor-element elementor-element-feb8aa5 elementor-widget elementor-widget-heading\" data-id=\"feb8aa5\" data-element_type=\"widget\" data-widget_type=\"heading.default\">\n\t\t\t\t<div class=\"elementor-widget-container\">\n\t\t\t\t\t<h1 class=\"elementor-heading-title elementor-size-default\">Privacy policy<\/h1>\t\t\t\t<\/div>\n\t\t\t\t<\/div>\n\t\t\t\t<div class=\"elementor-element elementor-element-49d571d elementor-widget elementor-widget-text-editor\" data-id=\"49d571d\" data-element_type=\"widget\" data-widget_type=\"text-editor.default\">\n\t\t\t\t<div class=\"elementor-widget-container\">\n\t\t\t\t\t\t\t\t\t\n<p><b>Personvernerkl\u00e6ring for Casada Norge og www.casada.no<\/b><\/p>\n<p><span style=\"font-weight: 400;\">Denne personvernerkl\u00e6ringen beskriver hva slags personopplysninger Casada Norge samler inn og hvordan disse personopplysningene behandles.<\/span><\/p>\n<p><span style=\"font-weight: 400;\">Casada Norge forholder seg til den norske personopplysningsloven. Denne personvernerkl\u00e6ringen er laget etter kravene i personopplysningsloven \u00a7\u00a7 18 og 19.<\/span><\/p>\n<p><b>Hva er personopplysninger<\/b><\/p>\n<p><span style=\"font-weight: 400;\">Personopplysninger er informasjon om den enkelte person. Dette kan v\u00e6re personens navn, adresse, arbeidssted, sivilstatus, telefonnummer, e-post adresse osv. Informasjon om din kontakt, kontakt\u00e5rsak og kontaktform med Casada Norge kan ogs\u00e5 forst\u00e5s som personopplysninger.<\/span><\/p>\n<p><span style=\"font-weight: 400;\">Sensitive personopplysninger samles verken inn eller brukes av Casada Norge. Dette er personopplysninger som siktelser, straffbare handlinger, helse og lignende.<\/span><\/p>\n<p><span style=\"font-weight: 400;\">\u00d8nsker du mer info om personopplysninger generelt kan https:\/\/www.datatilsynet.no\/om-personvern\/personopplysninger\/ bes\u00f8kes.<\/span><\/p>\n<p><b>Hvem er behandlingsansvarlig for dine personopplysninger hos Casada Norge<\/b><\/p>\n<p><span style=\"font-weight: 400;\">Casada Norges egen Office Manager er ansvarlig for virksomhetens behandling av personopplysninger. Ved eventuell framtidig delegering er det kun delegering av oppgavene som skjer, ansvaret for personopplysningene hviler uansett alltid p\u00e5 Casada Norge.<\/span><\/p>\n<p><b>Personopplysninger Casada Norge mottar<\/b><\/p>\n<p><span style=\"font-weight: 400;\">Casada Norge har 2 kilder til personopplysninger som begge bygger p\u00e5 \u00a7 8 i personopplysningsloven.<\/span><\/p>\n<p><span style=\"font-weight: 400;\">Hovedkilden for personopplysninger er opplysninger du selv oppgir. Dette skjer i all hovedsak gjennom kontaktskjemaet p\u00e5 Casada Norge sin nettside. Kontaktskjemaet fungerer som m\u00f8teplassen mellom potensielle\/eksisterende kunder og Casada Norge. Det er helt frivillig om du \u00f8nsker \u00e5 fylle ut et slikt skjema eller bare forbli passiv bes\u00f8kende p\u00e5 siden. Personopplysninger som samles inn via kontaktskjemaet er telefon, email og navn.<\/span><\/p>\n<p><span style=\"font-weight: 400;\">I etterkant av kontaktskjemaet kan ytterligere personinformasjon bli generert gjennom e-mail, telefon og lignende korrespondanse mellom Casada Norge og deg som en potensiell\/eksisterende kunde.<\/span><\/p>\n<p><span style=\"font-weight: 400;\">En annen kilde til personopplysninger er opplysninger Casada Norge selv samler inn. Innsamlingen skjer gjennom Google Analytics. Den fanger opp hvor lenge du er p\u00e5 siden, IP-adresse, hvem linker du trykker og antall brukere p\u00e5 siden til ulike tider for \u00e5 nevne noe.<\/span><\/p>\n<p><b>Hvordan Casada Norge bruker personopplysningene<\/b><\/p>\n<p><span style=\"font-weight: 400;\">Form\u00e5let med kontaktskjemaet og etterf\u00f8lgende korrespondanse er \u00e5 f\u00f8lge opp foresp\u00f8rsler og forpliktelser ovenfor kundene. Casada Norge er en avhengig av en slik \u00e5pen plattform mellom seg og sine kunder for \u00e5 sikre en tilfredsstillende kommunikasjon og sluttprodukt.<\/span><\/p>\n<p><span style=\"font-weight: 400;\">Form\u00e5let med Informasjonen fra Google Analytics er \u00e5 bedre nettside opplevelsen. Dette kan for eksempel v\u00e6re \u00e5 gj\u00f8re layoutene mer brukervennlig, forst\u00e5 bruker trender, effektivisere og levere tjenestene som forventes p\u00e5 en bedre m\u00e5te og hindre kriminell adferd som hacking.<\/span><\/p>\n<p><span style=\"font-weight: 400;\">Det rettslige grunnlaget for Casada Norge sin behandling av personopplysningene er personopplysningsloven \u00a7 11.<\/span><\/p>\n<p><b>Hvordan administrere egne personopplysninger<\/b><\/p>\n<p><span style=\"font-weight: 400;\">Den begrensede mengden personopplysninger Casada Norge samler inn via deg og p\u00e5 egent initiativ er sammenlignet med andre akt\u00f8rer og andre nettjenester sv\u00e6rt marginal. Dette har gjort at noe egen administrering av personopplysningene som for eksempel innstillinger i bruker apper og innstilinger i personalisert reklame ikke er aktuell hos oss. Personopplysningene innsamlet, brukes som nevnt ikke til slike form\u00e5l.<\/span><\/p>\n<p><span style=\"font-weight: 400;\">Du har likevel alltid rettigheter knyttet til personopplysningene som du kan lese mer om nedenfor.<\/span><\/p>\n<p><b>Informasjons deling med tredjeparter<\/b><\/p>\n<p><span style=\"font-weight: 400;\">Casada Norge deler ikke noe personinformasjon fra kontaktskjemaet, egne innsamlinger eller informasjon fra andre med noen tredjepart. Skulle slik utdeling likevel skje, vil du alltid f\u00e5 samtykke foresp\u00f8rsel fra oss.<\/span><\/p>\n<p><b>Sikker arkivering, sletting og internkontroll<\/b><\/p>\n<p><span style=\"font-weight: 400;\">I takt med personopplysningsloven \u00a7 13 vil alle personopplysninger Casada Norge mottar bli arkivert p\u00e5 enten en sikker e-post eller server s\u00e5 lenge arbeidsforholdet mellom deg og Casada Norge p\u00e5g\u00e5r. Ved opph\u00f8r i arbeidsforhold vil all kommunikasjon og personopplysninger slettes innen 2 \u00e5r.<\/span><\/p>\n<p><span style=\"font-weight: 400;\">Casada Norge har en internkontroll p\u00e5 slik arkivering, sikkerhet og sletting foreg\u00e5r etter m\u00e5l og i hold med rettslige standarder.<\/span><\/p>\n<p><b>Rettigheter<\/b><\/p>\n<p><span style=\"font-weight: 400;\">Av personopplysningsloven har du som bruker eller kunde av Casada Norge rett til \u00e5 bli glemt, rett til dataportabilitet, rett til innsyn, og rett mot \u00e5 bli profilert.<\/span><\/p>\n<p><span style=\"font-weight: 400;\">Retten til \u00e5 bli glemt betyr at all personopplysninger registrert hos Casada Norge kan bes slettes. Dersom dette ikke bes om vil Casada Norge uansett slette det meste av personopplysninger 2 \u00e5r etter endt kontakt.<\/span><\/p>\n<p><span style=\"font-weight: 400;\">Rett til dataportabilitet tilsier at du kan f\u00e5 en digital kopi av alle personopplysninger Casada Norge har om deg. Denne retten inneb\u00e6rer ogs\u00e5 at du kan ta med disse personopplysningene til en annen virksomhet hvis det er teknisk mulig og forsvarlig. Personopplysninger som omfattes av dataportabilitet er personopplysninger gitt Casada Norge, som gjennom kontaktskjemaet, eller automatiserte personopplysninger generert gjennom bruk av Casada Norge sine tjenester.<\/span><\/p>\n<p><span style=\"font-weight: 400;\">Rett til innsyn inneb\u00e6rer at du har rett til \u00e5 se hvilke opplysninger Casada Norge har registrert om deg.<\/span><\/p>\n<p><span style=\"font-weight: 400;\">Rett mot profilering gir rett til \u00e5 nekte Casada Norge \u00e5 kartlegge din bruk og v\u00e6rem\u00e5te, og s\u00e5ledes skreddersy v\u00e5re tjenester mot deg basert p\u00e5 denne kartleggingen. Typiske eksempler vil v\u00e6re personalisert annonsering, tjenesteutvikling, markedsunders\u00f8kelser osv. Dette er likevel lite aktuelt ovenfor Casada Norge n\u00e5r Casada Norge i liten grad har interesse eller bruk for slik bredde og dybde kartlegging.<\/span><\/p>\n<p><span style=\"font-weight: 400;\">For \u00e5 iverksette en eller flere av disse rettighetene, ta kontakt med oss. Du har en lovgitt rett p\u00e5 \u00e5 f\u00e5 svar fra oss innen minst 1 m\u00e5ned.<\/span><\/p>\n<p><b>Barns personvern<\/b><\/p>\n<p><span style=\"font-weight: 400;\">Casada Norge har verken \u00f8nske eller behov for \u00e5 samle inn eller behandle personopplysninger om barn under 16\u00e5r. Slike personopplysninger m\u00e5 komme gjennom en foresatt.<\/span><\/p>\n<p><span style=\"font-weight: 400;\">Personinformasjon etterlatt av barn til Casada Norge vil slettes s\u00e5 raskt det kommer Casada Norge til kunnskap.<\/span><\/p>\n<p><b>Personvernombud<\/b><\/p>\n<p><span style=\"font-weight: 400;\">Casada Norge har ikke noe personvernombud siden bedriften ikke er en offentlig virksomhet, ikke behandler sensitive opplysninger, ikke beg\u00e5r systematisk kartlegging av personer og ikke behandler personopplysninger om straffbare forhold.<\/span><\/p>\n<p><b>Gjennomf\u00f8ring av endringer<\/b><\/p>\n<p><span style=\"font-weight: 400;\">Casada Norge vil fra tid til annen oppdatere sin personvernerkl\u00e6ring for \u00e5 sikre at den holder den rettslige standarden norsk rett krever. Slike oppdateringer vil dere bli informert om.<\/span><\/p>\n<p><b>Kontaktinformasjon<\/b><\/p>\n<p><span style=\"font-weight: 400;\">Har du ytterligere sp\u00f8rsm\u00e5l om Casada Norges personvernerkl\u00e6ring eller andre foresp\u00f8rsler kan du kontakte bedriften.<\/span><\/p>\n<p><span style=\"font-weight: 400;\">Telefon: +47 99 59 61 00<\/span><\/p>\n<p><span style=\"font-weight: 400;\">Mail: post@casada.no<\/span><\/p>\n\t\t\t\t\t\t\t\t<\/div>\n\t\t\t\t<\/div>\n\t\t\t\t\t<\/div>\n\t\t<\/div>\n\t\t\t\t\t<\/div>\n\t\t<\/section>\n\t\t\t\t<\/div>","protected":false},"excerpt":{"rendered":"<p>Personvern Personvernerkl\u00e6ring for Casada Norge og www.casada.no Denne personvernerkl\u00e6ringen beskriver hva slags personopplysninger Casada Norge samler inn og hvordan disse personopplysningene behandles. Casada Norge forholder seg til den norske personopplysningsloven. Denne personvernerkl\u00e6ringen er laget etter kravene i personopplysningsloven \u00a7\u00a7 18 og 19. Hva er personopplysninger Personopplysninger er informasjon om den enkelte person. Dette kan v\u00e6re [&hellip;]<\/p>","protected":false},"author":1,"featured_media":0,"parent":0,"menu_order":0,"comment_status":"closed","ping_status":"closed","template":"elementor_header_footer","meta":{"footnotes":""},"class_list":["post-29","page","type-page","status-publish","hentry"],"yoast_head":"<!-- This site is optimized with the Yoast SEO plugin v26.2 - https:\/\/yoast.com\/wordpress\/plugins\/seo\/ -->\n<title>Sikkerhet og personvern - Casada<\/title>\n<meta name=\"robots\" content=\"index, follow, max-snippet:-1, max-image-preview:large, max-video-preview:-1\" \/>\n<link rel=\"canonical\" href=\"https:\/\/casada.no\/en\/sikkerhet-og-personvern\/\" \/>\n<meta property=\"og:locale\" content=\"en_GB\" \/>\n<meta property=\"og:type\" content=\"article\" \/>\n<meta property=\"og:title\" content=\"Sikkerhet og personvern - Casada\" \/>\n<meta property=\"og:description\" content=\"Personvern Personvernerkl\u00e6ring for Casada Norge og www.casada.no Denne personvernerkl\u00e6ringen beskriver hva slags personopplysninger Casada Norge samler inn og hvordan disse personopplysningene behandles. Casada Norge forholder seg til den norske personopplysningsloven. Denne personvernerkl\u00e6ringen er laget etter kravene i personopplysningsloven \u00a7\u00a7 18 og 19. Hva er personopplysninger Personopplysninger er informasjon om den enkelte person. Dette kan v\u00e6re [&hellip;]\" \/>\n<meta property=\"og:url\" content=\"https:\/\/casada.no\/en\/sikkerhet-og-personvern\/\" \/>\n<meta property=\"og:site_name\" content=\"Casada\" \/>\n<meta property=\"article:modified_time\" content=\"2025-03-13T16:40:21+00:00\" \/>\n<meta name=\"twitter:card\" content=\"summary_large_image\" \/>\n<meta name=\"twitter:label1\" content=\"Estimated reading time\" \/>\n\t<meta name=\"twitter:data1\" content=\"6 minutes\" \/>\n<script type=\"application\/ld+json\" class=\"yoast-schema-graph\">{\"@context\":\"https:\/\/schema.org\",\"@graph\":[{\"@type\":\"WebPage\",\"@id\":\"https:\/\/casada.no\/sikkerhet-og-personvern\/\",\"url\":\"https:\/\/casada.no\/sikkerhet-og-personvern\/\",\"name\":\"Sikkerhet og personvern - Casada\",\"isPartOf\":{\"@id\":\"https:\/\/casada.no\/en\/#website\"},\"datePublished\":\"2023-03-10T09:50:03+00:00\",\"dateModified\":\"2025-03-13T16:40:21+00:00\",\"breadcrumb\":{\"@id\":\"https:\/\/casada.no\/sikkerhet-og-personvern\/#breadcrumb\"},\"inLanguage\":\"en-GB\",\"potentialAction\":[{\"@type\":\"ReadAction\",\"target\":[\"https:\/\/casada.no\/sikkerhet-og-personvern\/\"]}]},{\"@type\":\"BreadcrumbList\",\"@id\":\"https:\/\/casada.no\/sikkerhet-og-personvern\/#breadcrumb\",\"itemListElement\":[{\"@type\":\"ListItem\",\"position\":1,\"name\":\"Hjem\",\"item\":\"https:\/\/casada.no\/\"},{\"@type\":\"ListItem\",\"position\":2,\"name\":\"Sikkerhet og personvern\"}]},{\"@type\":\"WebSite\",\"@id\":\"https:\/\/casada.no\/en\/#website\",\"url\":\"https:\/\/casada.no\/en\/\",\"name\":\"Casada\",\"description\":\"Massasjeprodukter mot stress, spenning og smerte\",\"publisher\":{\"@id\":\"https:\/\/casada.no\/en\/#organization\"},\"potentialAction\":[{\"@type\":\"SearchAction\",\"target\":{\"@type\":\"EntryPoint\",\"urlTemplate\":\"https:\/\/casada.no\/en\/?s={search_term_string}\"},\"query-input\":{\"@type\":\"PropertyValueSpecification\",\"valueRequired\":true,\"valueName\":\"search_term_string\"}}],\"inLanguage\":\"en-GB\"},{\"@type\":\"Organization\",\"@id\":\"https:\/\/casada.no\/en\/#organization\",\"name\":\"Casada\",\"url\":\"https:\/\/casada.no\/en\/\",\"logo\":{\"@type\":\"ImageObject\",\"inLanguage\":\"en-GB\",\"@id\":\"https:\/\/casada.no\/en\/#\/schema\/logo\/image\/\",\"url\":\"https:\/\/casada.no\/wp-content\/uploads\/2023\/03\/Logo_90K_CMYK-e1679646501790_white.png\",\"contentUrl\":\"https:\/\/casada.no\/wp-content\/uploads\/2023\/03\/Logo_90K_CMYK-e1679646501790_white.png\",\"width\":2048,\"height\":849,\"caption\":\"Casada\"},\"image\":{\"@id\":\"https:\/\/casada.no\/en\/#\/schema\/logo\/image\/\"}}]}<\/script>\n<!-- \/ Yoast SEO plugin. -->","yoast_head_json":{"title":"Sikkerhet og personvern - Casada","robots":{"index":"index","follow":"follow","max-snippet":"max-snippet:-1","max-image-preview":"max-image-preview:large","max-video-preview":"max-video-preview:-1"},"canonical":"https:\/\/casada.no\/en\/sikkerhet-og-personvern\/","og_locale":"en_GB","og_type":"article","og_title":"Sikkerhet og personvern - Casada","og_description":"Personvern Personvernerkl\u00e6ring for Casada Norge og www.casada.no Denne personvernerkl\u00e6ringen beskriver hva slags personopplysninger Casada Norge samler inn og hvordan disse personopplysningene behandles. Casada Norge forholder seg til den norske personopplysningsloven. Denne personvernerkl\u00e6ringen er laget etter kravene i personopplysningsloven \u00a7\u00a7 18 og 19. Hva er personopplysninger Personopplysninger er informasjon om den enkelte person. Dette kan v\u00e6re [&hellip;]","og_url":"https:\/\/casada.no\/en\/sikkerhet-og-personvern\/","og_site_name":"Casada","article_modified_time":"2025-03-13T16:40:21+00:00","twitter_card":"summary_large_image","twitter_misc":{"Estimated reading time":"6 minutes"},"schema":{"@context":"https:\/\/schema.org","@graph":[{"@type":"WebPage","@id":"https:\/\/casada.no\/sikkerhet-og-personvern\/","url":"https:\/\/casada.no\/sikkerhet-og-personvern\/","name":"Sikkerhet og personvern - Casada","isPartOf":{"@id":"https:\/\/casada.no\/en\/#website"},"datePublished":"2023-03-10T09:50:03+00:00","dateModified":"2025-03-13T16:40:21+00:00","breadcrumb":{"@id":"https:\/\/casada.no\/sikkerhet-og-personvern\/#breadcrumb"},"inLanguage":"en-GB","potentialAction":[{"@type":"ReadAction","target":["https:\/\/casada.no\/sikkerhet-og-personvern\/"]}]},{"@type":"BreadcrumbList","@id":"https:\/\/casada.no\/sikkerhet-og-personvern\/#breadcrumb","itemListElement":[{"@type":"ListItem","position":1,"name":"Hjem","item":"https:\/\/casada.no\/"},{"@type":"ListItem","position":2,"name":"Sikkerhet og personvern"}]},{"@type":"WebSite","@id":"https:\/\/casada.no\/en\/#website","url":"https:\/\/casada.no\/en\/","name":"Casada","description":"Massasjeprodukter mot stress, spenning og smerte","publisher":{"@id":"https:\/\/casada.no\/en\/#organization"},"potentialAction":[{"@type":"SearchAction","target":{"@type":"EntryPoint","urlTemplate":"https:\/\/casada.no\/en\/?s={search_term_string}"},"query-input":{"@type":"PropertyValueSpecification","valueRequired":true,"valueName":"search_term_string"}}],"inLanguage":"en-GB"},{"@type":"Organization","@id":"https:\/\/casada.no\/en\/#organization","name":"Casada","url":"https:\/\/casada.no\/en\/","logo":{"@type":"ImageObject","inLanguage":"en-GB","@id":"https:\/\/casada.no\/en\/#\/schema\/logo\/image\/","url":"https:\/\/casada.no\/wp-content\/uploads\/2023\/03\/Logo_90K_CMYK-e1679646501790_white.png","contentUrl":"https:\/\/casada.no\/wp-content\/uploads\/2023\/03\/Logo_90K_CMYK-e1679646501790_white.png","width":2048,"height":849,"caption":"Casada"},"image":{"@id":"https:\/\/casada.no\/en\/#\/schema\/logo\/image\/"}}]}},"_links":{"self":[{"href":"https:\/\/casada.no\/en\/wp-json\/wp\/v2\/pages\/29","targetHints":{"allow":["GET"]}}],"collection":[{"href":"https:\/\/casada.no\/en\/wp-json\/wp\/v2\/pages"}],"about":[{"href":"https:\/\/casada.no\/en\/wp-json\/wp\/v2\/types\/page"}],"author":[{"embeddable":true,"href":"https:\/\/casada.no\/en\/wp-json\/wp\/v2\/users\/1"}],"replies":[{"embeddable":true,"href":"https:\/\/casada.no\/en\/wp-json\/wp\/v2\/comments?post=29"}],"version-history":[{"count":5,"href":"https:\/\/casada.no\/en\/wp-json\/wp\/v2\/pages\/29\/revisions"}],"predecessor-version":[{"id":12687,"href":"https:\/\/casada.no\/en\/wp-json\/wp\/v2\/pages\/29\/revisions\/12687"}],"wp:attachment":[{"href":"https:\/\/casada.no\/en\/wp-json\/wp\/v2\/media?parent=29"}],"curies":[{"name":"wp","href":"https:\/\/api.w.org\/{rel}","templated":true}]}}