{"id":30,"date":"2023-03-10T10:50:18","date_gmt":"2023-03-10T09:50:18","guid":{"rendered":"https:\/\/casada.hornmedia.no\/?page_id=30"},"modified":"2023-10-10T13:32:18","modified_gmt":"2023-10-10T11:32:18","slug":"kjopsbetingelser","status":"publish","type":"page","link":"https:\/\/casada.no\/en\/kjopsbetingelser\/","title":{"rendered":"Terms and Conditions"},"content":{"rendered":"<style>.elementor-30 .elementor-element.elementor-element-17f5b8c8:not(.elementor-motion-effects-element-type-background), .elementor-30 .elementor-element.elementor-element-17f5b8c8 > .elementor-motion-effects-container > .elementor-motion-effects-layer{background-color:#F9F9F9;}.elementor-30 .elementor-element.elementor-element-17f5b8c8{transition:background 0.3s, border 0.3s, border-radius 0.3s, box-shadow 0.3s;margin-top:40px;margin-bottom:0px;padding:80px 30px 80px 30px;}.elementor-30 .elementor-element.elementor-element-17f5b8c8 > .elementor-background-overlay{transition:background 0.3s, border-radius 0.3s, opacity 0.3s;}.elementor-30 .elementor-element.elementor-element-d51142b > .elementor-widget-container{margin:0px 0px 30px 0px;}.elementor-30 .elementor-element.elementor-element-d51142b .elementor-heading-title{font-size:30px;}.elementor-30 .elementor-element.elementor-element-577b2096{color:#000000;}@media(max-width:1279px){.elementor-30 .elementor-element.elementor-element-17f5b8c8{margin-top:0px;margin-bottom:0px;}.elementor-30 .elementor-element.elementor-element-d51142b .elementor-heading-title{font-size:30px;}}@media(max-width:991px){.elementor-30 .elementor-element.elementor-element-d51142b .elementor-heading-title{font-size:25px;}}<\/style>\t\t<div data-elementor-type=\"wp-page\" data-elementor-id=\"30\" class=\"elementor elementor-30\" data-elementor-post-type=\"page\">\n\t\t\t\t\t\t<section class=\"has_eae_slider elementor-section elementor-top-section elementor-element elementor-element-17f5b8c8 elementor-section-boxed elementor-section-height-default elementor-section-height-default\" data-eae-slider=\"83456\" data-id=\"17f5b8c8\" data-element_type=\"section\" data-settings=\"{&quot;background_background&quot;:&quot;classic&quot;}\">\n\t\t\t\t\t\t<div class=\"elementor-container elementor-column-gap-default\">\n\t\t\t\t\t<div class=\"has_eae_slider elementor-column elementor-col-100 elementor-top-column elementor-element elementor-element-79ecac2c\" data-eae-slider=\"34059\" data-id=\"79ecac2c\" data-element_type=\"column\">\n\t\t\t<div class=\"elementor-widget-wrap elementor-element-populated\">\n\t\t\t\t\t\t<div class=\"elementor-element elementor-element-d51142b elementor-widget elementor-widget-heading\" data-id=\"d51142b\" data-element_type=\"widget\" data-widget_type=\"heading.default\">\n\t\t\t\t<div class=\"elementor-widget-container\">\n\t\t\t\t\t<h1 class=\"elementor-heading-title elementor-size-default\">Terms and Conditions<\/h1>\t\t\t\t<\/div>\n\t\t\t\t<\/div>\n\t\t\t\t<div class=\"elementor-element elementor-element-577b2096 elementor-widget elementor-widget-text-editor\" data-id=\"577b2096\" data-element_type=\"widget\" data-widget_type=\"text-editor.default\">\n\t\t\t\t<div class=\"elementor-widget-container\">\n\t\t\t\t\t\t\t\t\t<p><\/p>\n<p><strong>Generelt<\/strong><\/p>\n<p><\/p>\n<p>De angitte vilk\u00e5r regulerer kundens bruk av varer og tjenester levert av Casada Norge As, heretter kalt Casada. Disse vilk\u00e5rene gjelder for alt salg fra Casada s\u00e5 lenge ikke annet er skriftlig avtalt partene i mellom. Casada er forhandler av alle produktene du finner p\u00e5 denne nettbutikk og ansvarlig for alle transaksjoner gjennom https:\/\/casada.no<\/p>\n<p><\/p>\n<p><strong>Priser og levering<\/strong><\/p>\n<p><\/p>\n<p>Alle priser er oppgitt eks. frakt, med mindre annet uttrykkelig er nevnt. Prisene er i stadig forandring og vi tar derfor forbehold om prisendring som f\u00f8lge av endrede priser fra v\u00e5re leverand\u00f8rer.\u2028\u2028Vi forbeholder oss rett til leveringsnekt p\u00e5 samtlige varer med bakgrunn i prissvingninger og lagersituasjon. Alle leveringstider som blir oppgitt av oss m\u00e5 anses som veiledende. Med leveringstid menes tidspunkt for ankomst av varer til v\u00e5rt lager. Medg\u00e5tt tid til plukking, pakking og eventuell produksjon kommer i tillegg f\u00f8r innlevering av forsendelsen til transport\u00f8r. N\u00e5r tid er oppgitt i antall dager, menes hverdager og befrakters tid kommer alltid i tillegg.\u2028\u2028Vi forbeholder oss retten til \u00e5 avvike oppgitt leveringstid uten n\u00e6rmere varsel. Eventuelle prisendringer som skjer etter bestillingstidspunkt f\u00e5r ikke tilbakevirkende kraft. Vi tar forbehold om mulige skrive-\/trykkfeil.\u2028\u2028Dersom det har forekommet skrive- eller trykkfeil av vesentlig st\u00f8rrelse fra VeogVel sin side, kan dette endres uten unntak, dersom kunden blir gjort oppmerksom om forholdet p\u00e5 forh\u00e5nd og innen rimelig tid etter at feilen er oppdaget.<\/p>\n<p><\/p>\n<p>Fri frakt ved ordre over 1500,- (ink sporing).<\/p>\n<p><\/p>\n<p>Ved ordre under 1500,-<\/p>\n<p><\/p>\n<p>Sporing via bring: 149,-<\/p>\n<p><\/p>\n<p>Uregistrert postpakke: 49,-<\/p>\n<p><\/p>\n<p><strong>Kundens plikter<\/strong><\/p>\n<p><\/p>\n<p>Den som er registrert som kunde hos Casadal, er ansvarlig for betaling av de ytelser Casada eller Casada sine samarbeidspartnere leverer i henhold til n\u00e6rv\u00e6rende vilk\u00e5r. Ansvaret omfatter ogs\u00e5 andres bruk av kundens tilgang, herunder uvedkommendes bruk, s\u00e5 fremt det ikke kan p\u00e5vises at uvedkommendes bruk er muliggjort gjennom uaktsomhet fra Casada sin side.<\/p>\n<p><\/p>\n<p><strong>Reklamasjon<\/strong><\/p>\n<p><\/p>\n<p>F\u00f8r feil meldes til Casada, b\u00f8r kunden unders\u00f8ke om feilen skyldes forhold p\u00e5 kundens side. Dersom kunden kan godtgj\u00f8re at produktet ikke fungerer slik Casada har beskrevet at det skal gj\u00f8re, m\u00e5 kunden melde dette til Casada slik at Casada kan iverksette tiltak for avhjelp. Kunden mister sin rett til \u00e5 gj\u00f8re en mangel gjeldende dersom han ikke gir Casada melding innen rimelig tid etter at han oppdaget eller burde oppdaget mangelen.<\/p>\n<p><\/p>\n<p><strong>Avhjelp<\/strong><\/p>\n<p><\/p>\n<p>Casada skal snarest mulig etter \u00e5 ha blitt kjent med en mangel ved produktet levert av Casada, iverksette tiltak for \u00e5 rette p\u00e5 mangelen. Hvis kunden p\u00e5 eget initiativ iverksetter tiltak for \u00e5 utbedre mangelen ut over det som m\u00e5tte v\u00e6re avtalt med Casada, betaler ikke Casada disse utgiftene.<\/p>\n<p><\/p>\n<p><strong>Angrefrist<\/strong><\/p>\n<p><\/p>\n<p>Du har 14 dagers angrerett n\u00e5r varen er mottatt. Bestillingen m\u00e5 returneres ubrukt, med faktura og i originalemballasjen. Du m\u00e5 selv dekke porto ved retur. Dersom det gjelder reklamasjon, ta kontakt med kundeservice s\u00e5 erstatter vi den defekte varen.&nbsp;<\/p>\n<p>Varene sendes i retur til:<\/p>\n<p>Osloveien 486<br>1554 Son<\/p>\n<p>Merk pakken med \u201cretur\u201d.<\/p>\n<p><\/p>\n<p><strong>Ekstraordin\u00e6re forhold<\/strong><\/p>\n<p><\/p>\n<p>Casada er kun ansvarlig for tap for varen, dersom det er p\u00e5vist feil eller mangler. Dette gjelder likevel ikke hvis Casada godtgj\u00f8r at mangelen skyldes forhold utenfor Casada kontroll, og som Casada ikke med rimelighet kunne ventes \u00e5 unng\u00e5 eller overvinne f\u00f8lgene av.\u2028\u2028 Casada er ikke ansvarlig for indirekte tap som f\u00f8lge av mangler med mindre tapet er voldt ved grov uaktsomhet eller forsett fra Casada sin side.\u2028\u2028Ved forbrukerkj\u00f8p kan ikke vilk\u00e5rene v\u00e6re d\u00e5rligere enn vilk\u00e5rene i loven, jfr. Lov om forbrukerkj\u00f8p av 2002-06-21 nr. 34.<\/p>\n<p><\/p>\n<p><strong>Salgspant\/Betalingsvilk\u00e5r<\/strong><\/p>\n<p><\/p>\n<p>Casada har salgspant i de solgte varer som sikkerhet for sitt krav p\u00e5 kj\u00f8pesummen med tillegg av renter og omkostninger, jfr. pantelovens \u00a73-14 flg.\u2028\u2028Det er kun bedrifter og offentlige etater som f\u00e5r kj\u00f8pe varer p\u00e5 kreditt.<\/p>\n<p><\/p>\n<p><strong>Endring i vilk\u00e5rene<\/strong><\/p>\n<p><\/p>\n<p>Casada forbeholder seg retten til \u00e5 endre n\u00e6rv\u00e6rende vilk\u00e5r, herunder som f\u00f8lge av endringer i lovgivningen.<\/p>\n<p><\/p>\n<p><strong>Force majeur<\/strong><\/p>\n<p><\/p>\n<p>Er Casada forhindret fra \u00e5 levere eller foreta pliktig omlevering eller blir en slik leveringsplikt urimelig tyngende som f\u00f8lge av arbeidskonflikt eller enhver annen omstendighet n\u00e5r partene ikke kan r\u00e5de over den s\u00e5 som brann, krig, mobilisering eller uforutsette milit\u00e6re innkallelser av tilsvarende omfang, rekvisisjon, beslag, valuta restriksjoner, oppr\u00f8r og oppl\u00f8p, knapphet p\u00e5 transportmidler, alminnelig vareknapphet, innskrenkning i tilf\u00f8rselen av drivkraft, samt mangler ved eller forsinkelser av leveranser fra underleverand\u00f8rer eller produsenter som f\u00f8lge av slike omstendigheter som omhandles i dette punkt, er Casada fritatt for alt annet ansvar enn i reklamasjonstilfeller og kreditere den til den mangelfulle vares tilh\u00f8rende kj\u00f8pesum.<\/p>\n<p><\/p>\n<p><strong>Copyright<\/strong><\/p>\n<p><\/p>\n<p>Alt innhold p\u00e5 denne nettsiden er eiendom av VeogVel og er beskyttet etter bl.a. opphavsretts-, markedsf\u00f8rings- og varemerkelovgivningen. Dette inneb\u00e6rer at varemerker, firmanavn, produktnavn, informasjon om produkter, herunder bl.a. omtale av produktene og vekt, bilder og annet innhold p\u00e5 disse nettsidene under enhver omstendighet ikke kan lastes ned, kopieres eller benyttes p\u00e5 annen m\u00e5te uten at dette er eksplisitt tillatt etter ufravikelig lovgivning eller etter uttrykkelig skriftlig forh\u00e5ndssamtykke fra Casada.<\/p>\n<p><\/p>\t\t\t\t\t\t\t\t<\/div>\n\t\t\t\t<\/div>\n\t\t\t\t\t<\/div>\n\t\t<\/div>\n\t\t\t\t\t<\/div>\n\t\t<\/section>\n\t\t\t\t<\/div>","protected":false},"excerpt":{"rendered":"<p>Kj\u00f8psbetingelser Generelt De angitte vilk\u00e5r regulerer kundens bruk av varer og tjenester levert av Casada Norge As, heretter kalt Casada. Disse vilk\u00e5rene gjelder for alt salg fra Casada s\u00e5 lenge ikke annet er skriftlig avtalt partene i mellom. Casada er forhandler av alle produktene du finner p\u00e5 denne nettbutikk og ansvarlig for alle transaksjoner gjennom [&hellip;]<\/p>","protected":false},"author":1,"featured_media":0,"parent":0,"menu_order":0,"comment_status":"closed","ping_status":"closed","template":"elementor_header_footer","meta":{"footnotes":""},"class_list":["post-30","page","type-page","status-publish","hentry"],"yoast_head":"<!-- This site is optimized with the Yoast SEO plugin v26.2 - https:\/\/yoast.com\/wordpress\/plugins\/seo\/ -->\n<title>Kj\u00f8psbetingelser - Casada<\/title>\n<meta name=\"robots\" content=\"index, follow, max-snippet:-1, max-image-preview:large, max-video-preview:-1\" \/>\n<link rel=\"canonical\" href=\"https:\/\/casada.no\/en\/kjopsbetingelser\/\" \/>\n<meta property=\"og:locale\" content=\"en_GB\" \/>\n<meta property=\"og:type\" content=\"article\" \/>\n<meta property=\"og:title\" content=\"Kj\u00f8psbetingelser - Casada\" \/>\n<meta property=\"og:description\" content=\"Kj\u00f8psbetingelser Generelt De angitte vilk\u00e5r regulerer kundens bruk av varer og tjenester levert av Casada Norge As, heretter kalt Casada. Disse vilk\u00e5rene gjelder for alt salg fra Casada s\u00e5 lenge ikke annet er skriftlig avtalt partene i mellom. Casada er forhandler av alle produktene du finner p\u00e5 denne nettbutikk og ansvarlig for alle transaksjoner gjennom [&hellip;]\" \/>\n<meta property=\"og:url\" content=\"https:\/\/casada.no\/en\/kjopsbetingelser\/\" \/>\n<meta property=\"og:site_name\" content=\"Casada\" \/>\n<meta property=\"article:modified_time\" content=\"2023-10-10T11:32:18+00:00\" \/>\n<meta name=\"twitter:card\" content=\"summary_large_image\" \/>\n<meta name=\"twitter:label1\" content=\"Estimated reading time\" \/>\n\t<meta name=\"twitter:data1\" content=\"5 minutes\" \/>\n<script type=\"application\/ld+json\" class=\"yoast-schema-graph\">{\"@context\":\"https:\/\/schema.org\",\"@graph\":[{\"@type\":\"WebPage\",\"@id\":\"https:\/\/casada.no\/kjopsbetingelser\/\",\"url\":\"https:\/\/casada.no\/kjopsbetingelser\/\",\"name\":\"Kj\u00f8psbetingelser - Casada\",\"isPartOf\":{\"@id\":\"https:\/\/casada.no\/en\/#website\"},\"datePublished\":\"2023-03-10T09:50:18+00:00\",\"dateModified\":\"2023-10-10T11:32:18+00:00\",\"breadcrumb\":{\"@id\":\"https:\/\/casada.no\/kjopsbetingelser\/#breadcrumb\"},\"inLanguage\":\"en-GB\",\"potentialAction\":[{\"@type\":\"ReadAction\",\"target\":[\"https:\/\/casada.no\/kjopsbetingelser\/\"]}]},{\"@type\":\"BreadcrumbList\",\"@id\":\"https:\/\/casada.no\/kjopsbetingelser\/#breadcrumb\",\"itemListElement\":[{\"@type\":\"ListItem\",\"position\":1,\"name\":\"Hjem\",\"item\":\"https:\/\/casada.no\/\"},{\"@type\":\"ListItem\",\"position\":2,\"name\":\"Kj\u00f8psbetingelser\"}]},{\"@type\":\"WebSite\",\"@id\":\"https:\/\/casada.no\/en\/#website\",\"url\":\"https:\/\/casada.no\/en\/\",\"name\":\"Casada\",\"description\":\"Massasjeprodukter mot stress, spenning og smerte\",\"publisher\":{\"@id\":\"https:\/\/casada.no\/en\/#organization\"},\"potentialAction\":[{\"@type\":\"SearchAction\",\"target\":{\"@type\":\"EntryPoint\",\"urlTemplate\":\"https:\/\/casada.no\/en\/?s={search_term_string}\"},\"query-input\":{\"@type\":\"PropertyValueSpecification\",\"valueRequired\":true,\"valueName\":\"search_term_string\"}}],\"inLanguage\":\"en-GB\"},{\"@type\":\"Organization\",\"@id\":\"https:\/\/casada.no\/en\/#organization\",\"name\":\"Casada\",\"url\":\"https:\/\/casada.no\/en\/\",\"logo\":{\"@type\":\"ImageObject\",\"inLanguage\":\"en-GB\",\"@id\":\"https:\/\/casada.no\/en\/#\/schema\/logo\/image\/\",\"url\":\"https:\/\/casada.no\/wp-content\/uploads\/2023\/03\/Logo_90K_CMYK-e1679646501790_white.png\",\"contentUrl\":\"https:\/\/casada.no\/wp-content\/uploads\/2023\/03\/Logo_90K_CMYK-e1679646501790_white.png\",\"width\":2048,\"height\":849,\"caption\":\"Casada\"},\"image\":{\"@id\":\"https:\/\/casada.no\/en\/#\/schema\/logo\/image\/\"}}]}<\/script>\n<!-- \/ Yoast SEO plugin. -->","yoast_head_json":{"title":"Kj\u00f8psbetingelser - Casada","robots":{"index":"index","follow":"follow","max-snippet":"max-snippet:-1","max-image-preview":"max-image-preview:large","max-video-preview":"max-video-preview:-1"},"canonical":"https:\/\/casada.no\/en\/kjopsbetingelser\/","og_locale":"en_GB","og_type":"article","og_title":"Kj\u00f8psbetingelser - Casada","og_description":"Kj\u00f8psbetingelser Generelt De angitte vilk\u00e5r regulerer kundens bruk av varer og tjenester levert av Casada Norge As, heretter kalt Casada. Disse vilk\u00e5rene gjelder for alt salg fra Casada s\u00e5 lenge ikke annet er skriftlig avtalt partene i mellom. Casada er forhandler av alle produktene du finner p\u00e5 denne nettbutikk og ansvarlig for alle transaksjoner gjennom [&hellip;]","og_url":"https:\/\/casada.no\/en\/kjopsbetingelser\/","og_site_name":"Casada","article_modified_time":"2023-10-10T11:32:18+00:00","twitter_card":"summary_large_image","twitter_misc":{"Estimated reading time":"5 minutes"},"schema":{"@context":"https:\/\/schema.org","@graph":[{"@type":"WebPage","@id":"https:\/\/casada.no\/kjopsbetingelser\/","url":"https:\/\/casada.no\/kjopsbetingelser\/","name":"Kj\u00f8psbetingelser - Casada","isPartOf":{"@id":"https:\/\/casada.no\/en\/#website"},"datePublished":"2023-03-10T09:50:18+00:00","dateModified":"2023-10-10T11:32:18+00:00","breadcrumb":{"@id":"https:\/\/casada.no\/kjopsbetingelser\/#breadcrumb"},"inLanguage":"en-GB","potentialAction":[{"@type":"ReadAction","target":["https:\/\/casada.no\/kjopsbetingelser\/"]}]},{"@type":"BreadcrumbList","@id":"https:\/\/casada.no\/kjopsbetingelser\/#breadcrumb","itemListElement":[{"@type":"ListItem","position":1,"name":"Hjem","item":"https:\/\/casada.no\/"},{"@type":"ListItem","position":2,"name":"Kj\u00f8psbetingelser"}]},{"@type":"WebSite","@id":"https:\/\/casada.no\/en\/#website","url":"https:\/\/casada.no\/en\/","name":"Casada","description":"Massasjeprodukter mot stress, spenning og smerte","publisher":{"@id":"https:\/\/casada.no\/en\/#organization"},"potentialAction":[{"@type":"SearchAction","target":{"@type":"EntryPoint","urlTemplate":"https:\/\/casada.no\/en\/?s={search_term_string}"},"query-input":{"@type":"PropertyValueSpecification","valueRequired":true,"valueName":"search_term_string"}}],"inLanguage":"en-GB"},{"@type":"Organization","@id":"https:\/\/casada.no\/en\/#organization","name":"Casada","url":"https:\/\/casada.no\/en\/","logo":{"@type":"ImageObject","inLanguage":"en-GB","@id":"https:\/\/casada.no\/en\/#\/schema\/logo\/image\/","url":"https:\/\/casada.no\/wp-content\/uploads\/2023\/03\/Logo_90K_CMYK-e1679646501790_white.png","contentUrl":"https:\/\/casada.no\/wp-content\/uploads\/2023\/03\/Logo_90K_CMYK-e1679646501790_white.png","width":2048,"height":849,"caption":"Casada"},"image":{"@id":"https:\/\/casada.no\/en\/#\/schema\/logo\/image\/"}}]}},"_links":{"self":[{"href":"https:\/\/casada.no\/en\/wp-json\/wp\/v2\/pages\/30","targetHints":{"allow":["GET"]}}],"collection":[{"href":"https:\/\/casada.no\/en\/wp-json\/wp\/v2\/pages"}],"about":[{"href":"https:\/\/casada.no\/en\/wp-json\/wp\/v2\/types\/page"}],"author":[{"embeddable":true,"href":"https:\/\/casada.no\/en\/wp-json\/wp\/v2\/users\/1"}],"replies":[{"embeddable":true,"href":"https:\/\/casada.no\/en\/wp-json\/wp\/v2\/comments?post=30"}],"version-history":[{"count":5,"href":"https:\/\/casada.no\/en\/wp-json\/wp\/v2\/pages\/30\/revisions"}],"predecessor-version":[{"id":11799,"href":"https:\/\/casada.no\/en\/wp-json\/wp\/v2\/pages\/30\/revisions\/11799"}],"wp:attachment":[{"href":"https:\/\/casada.no\/en\/wp-json\/wp\/v2\/media?parent=30"}],"curies":[{"name":"wp","href":"https:\/\/api.w.org\/{rel}","templated":true}]}}